{"id":87,"date":"2023-01-25T09:12:33","date_gmt":"2023-01-25T09:12:33","guid":{"rendered":"https:\/\/kentatheme.com\/online-business\/?page_id=87"},"modified":"2025-04-25T20:06:02","modified_gmt":"2025-04-25T20:06:02","slug":"pricing","status":"publish","type":"page","link":"https:\/\/montanasdelss.com\/index.php\/pricing\/","title":{"rendered":"Servicios"},"content":{"rendered":"\n<div class=\"wp-block-kenta-blocks-cover alignfull kb-cover-e9f74b4e kb-cover kb-cover-has-overlay\"><div class=\"kb-cover-inner-container\">\n<div class=\"wp-block-kenta-blocks-spacer kb-spacer-de1620cf kb-spacer\" aria-hidden=\"true\"><\/div>\n\n\n\n<div class=\"wp-block-kenta-blocks-section kb-section-6b511efd kb-section\">\n<div class=\"wp-block-kenta-blocks-column kb-column-wrapper kb-column-wrapper-05fb1a03\"><div class=\"kb-column kb-column-05fb1a03\"><div class=\"kb-column-content\">\n<div class=\"wp-block-kenta-blocks-heading kb-heading kb-heading-h1 kb-heading-c6ddcfd0 kenta-scroll-reveal\"><h1 class=\"\">servicios<\/h1><\/div>\n\n\n\n<div class=\"wp-block-kenta-blocks-paragraph kb-paragraph kb-paragraph-c4d8fce3 kenta-scroll-reveal\"><p class=\"\"><br>En <em>Las Monta\u00f1as del Sur Sureste<\/em> te ofrecemos m\u00e1s que caf\u00e9: te llevamos una experiencia completa para tu negocio. Ofrecemos soluciones integrales de caf\u00e9 para empresas del sector HORECA, oficinas corporativas y negocios de todo tipo.<br><br>Asesor\u00eda, muestras y cotizaci\u00f3n directa. Nuestras soluciones se adaptan a las necesidades de tu negocio.<br><strong><br>Atenci\u00f3n Personalizada para Empresas.<\/strong><\/p><\/div>\n<\/div><\/div><\/div>\n<\/div>\n\n\n\n<div class=\"wp-block-kenta-blocks-spacer kb-spacer-09eefadd kb-spacer\" aria-hidden=\"true\"><\/div>\n<\/div><\/div>\n\n\n\n<div class=\"wp-block-kenta-blocks-cover alignfull kb-cover-d559a8d8 kb-cover\"><div class=\"kb-cover-inner-container\">\n<div class=\"wp-block-kenta-blocks-paragraph kb-paragraph kb-paragraph-c9d0254f kenta-scroll-reveal\"><p class=\"\">servicios<\/p><\/div>\n\n\n\n<div class=\"wp-block-kenta-blocks-heading kb-heading kb-heading-h2 kb-heading-4bbebf86 kenta-scroll-reveal\"><h2 class=\"\"><strong><br>Descubre c\u00f3mo llevar tu negocio al siguiente nivel<\/strong><\/h2><\/div>\n\n\n\n<div class=\"wp-block-kenta-blocks-section alignwide kb-section-d28a0224 kb-section\">\n<div class=\"wp-block-kenta-blocks-column kb-column-wrapper kb-column-wrapper-26bb22f0 kenta-scroll-reveal\"><div class=\"kb-column kb-column-26bb22f0\"><div class=\"kb-column-content\">\n<div class=\"wp-block-kenta-blocks-heading kb-heading kb-heading-h3 kb-heading-29bbcbc2\"><h3 class=\"\"> Distribuci\u00f3n de Caf\u00e9 Org\u00e1nico y Agroecol\u00f3gico<\/h3><\/div>\n\n\n\n<div class=\"wp-block-kenta-blocks-spacer kb-spacer-c93004bc kb-spacer\" aria-hidden=\"true\"><\/div>\n\n\n\n<figure class=\"wp-block-image size-large\"><img data-recalc-dims=\"1\" loading=\"lazy\" decoding=\"async\" width=\"1024\" height=\"1024\" src=\"https:\/\/i0.wp.com\/montanasdelss.com\/wp-content\/uploads\/2025\/04\/Cafe-Negocios-web2.jpg?resize=1024%2C1024&#038;ssl=1\" alt=\"\" class=\"wp-image-166\" srcset=\"https:\/\/i0.wp.com\/montanasdelss.com\/wp-content\/uploads\/2025\/04\/Cafe-Negocios-web2.jpg?resize=1024%2C1024&amp;ssl=1 1024w, https:\/\/i0.wp.com\/montanasdelss.com\/wp-content\/uploads\/2025\/04\/Cafe-Negocios-web2.jpg?resize=300%2C300&amp;ssl=1 300w, https:\/\/i0.wp.com\/montanasdelss.com\/wp-content\/uploads\/2025\/04\/Cafe-Negocios-web2.jpg?resize=150%2C150&amp;ssl=1 150w, https:\/\/i0.wp.com\/montanasdelss.com\/wp-content\/uploads\/2025\/04\/Cafe-Negocios-web2.jpg?resize=768%2C768&amp;ssl=1 768w, https:\/\/i0.wp.com\/montanasdelss.com\/wp-content\/uploads\/2025\/04\/Cafe-Negocios-web2.jpg?w=1080&amp;ssl=1 1080w\" sizes=\"auto, (max-width: 1000px) 100vw, 1000px\" \/><\/figure>\n\n\n\n<div class=\"wp-block-kenta-blocks-spacer kb-spacer-49b70ea1 kb-spacer\" aria-hidden=\"true\"><\/div>\n\n\n\n<div class=\"wp-block-kenta-blocks-buttons kb-buttons kb-buttons-94c90f8c\">\n<div class=\"kb-button-wrapper kb-button-wrapper-1e832b66\"><a class=\"wp-block-kenta-blocks-button kb-button kb-button-1e832b66 kb-button-left\" href=\"https:\/\/wa.me\/522212471743\" target=\"_blank\" id=\"buy-button-personal\"><i class=\"fab fa-whatsapp\"><\/i><span>WhatsApp<\/span><\/a><\/div>\n<\/div>\n\n\n\n<hr class=\"wp-block-kenta-blocks-separator kb-separator-997a6631 kb-separator\"\/>\n\n\n\n<div class=\"wp-block-kenta-blocks-paragraph kb-paragraph kb-paragraph-2ac0dcaf\"><p class=\"\">Distribuci\u00f3n en presentaciones de 500g, 1kg y 2.5kg. Directo de productores certificados en Chiapas, Veracruz y Puebla, tueste profesional (medio, M\u00e9xico +, espresso), molido o en grano seg\u00fan requerimiento operativo.<br><br>Entregamos caf\u00e9 fresco, de calidad premium y con sabor aut\u00e9ntico.<br><\/p><\/div>\n\n\n\n<div class=\"wp-block-kenta-blocks-spacer kb-spacer-8338eb85 kb-spacer\" aria-hidden=\"true\"><\/div>\n\n\n\n<div class=\"wp-block-kenta-blocks-paragraph kb-paragraph kb-paragraph-f181d09e\"><p class=\"\"><\/p><\/div>\n\n\n\n<div class=\"wp-block-kenta-blocks-paragraph kb-paragraph kb-paragraph-37285363\"><p class=\"\"><strong>Inv\u00edtanos a tu negocio,<\/strong><\/p><\/div>\n\n\n\n<div class=\"wp-block-kenta-blocks-paragraph kb-paragraph kb-paragraph-540dc979\"><p class=\"\">te preparamos una exquisito caf\u00e9.<\/p><\/div>\n<\/div><\/div><\/div>\n\n\n\n<div class=\"wp-block-kenta-blocks-column kb-column-wrapper kb-column-wrapper-0a40bd9e kenta-scroll-reveal\"><div class=\"kb-column kb-column-0a40bd9e\"><div class=\"kb-column-content\">\n<div class=\"wp-block-kenta-blocks-heading kb-heading kb-heading-h3 kb-heading-e9fc507e\"><h3 class=\"\"> Capacitaci\u00f3n para Profesionales y Emprendedores <\/h3><\/div>\n\n\n\n<div class=\"wp-block-kenta-blocks-spacer kb-spacer-e08765ce kb-spacer\" aria-hidden=\"true\"><\/div>\n\n\n\n<figure class=\"wp-block-image size-large\"><img data-recalc-dims=\"1\" loading=\"lazy\" decoding=\"async\" width=\"1024\" height=\"1024\" src=\"https:\/\/i0.wp.com\/montanasdelss.com\/wp-content\/uploads\/2025\/04\/Cursos-y-talleres-web2.jpg?resize=1024%2C1024&#038;ssl=1\" alt=\"\" class=\"wp-image-165\" srcset=\"https:\/\/i0.wp.com\/montanasdelss.com\/wp-content\/uploads\/2025\/04\/Cursos-y-talleres-web2.jpg?resize=1024%2C1024&amp;ssl=1 1024w, https:\/\/i0.wp.com\/montanasdelss.com\/wp-content\/uploads\/2025\/04\/Cursos-y-talleres-web2.jpg?resize=300%2C300&amp;ssl=1 300w, https:\/\/i0.wp.com\/montanasdelss.com\/wp-content\/uploads\/2025\/04\/Cursos-y-talleres-web2.jpg?resize=150%2C150&amp;ssl=1 150w, https:\/\/i0.wp.com\/montanasdelss.com\/wp-content\/uploads\/2025\/04\/Cursos-y-talleres-web2.jpg?resize=768%2C768&amp;ssl=1 768w, https:\/\/i0.wp.com\/montanasdelss.com\/wp-content\/uploads\/2025\/04\/Cursos-y-talleres-web2.jpg?w=1080&amp;ssl=1 1080w\" sizes=\"auto, (max-width: 1000px) 100vw, 1000px\" \/><\/figure>\n\n\n\n<div class=\"wp-block-kenta-blocks-spacer kb-spacer-e11a2de5 kb-spacer\" aria-hidden=\"true\"><\/div>\n\n\n\n<div class=\"wp-block-kenta-blocks-buttons kb-buttons kb-buttons-c4de7e71\">\n<div class=\"kb-button-wrapper kb-button-wrapper-30c593f7\"><a class=\"wp-block-kenta-blocks-button kb-button kb-button-30c593f7 kb-button-left\" href=\"https:\/\/wa.me\/522212471743\" id=\"buy-button-freelancer\"><i class=\"fab fa-whatsapp\"><\/i><span>WhatsApp<\/span><\/a><\/div>\n<\/div>\n\n\n\n<hr class=\"wp-block-kenta-blocks-separator kb-separator-6888838f kb-separator\"\/>\n\n\n\n<div class=\"wp-block-kenta-blocks-paragraph kb-paragraph kb-paragraph-95c1b6d5\"><p class=\"\">Conferencias y cursos de, costeo y rentabilidad, perfil gastron\u00f3mico del caf\u00e9 y barismo. <br><br>Ideal para universidades y equipos de alimentos y bebidas. <br><br>Enfocado en mejorar la calidad del servicio y la eficiencia operativa.<br><\/p><\/div>\n\n\n\n<div class=\"wp-block-kenta-blocks-spacer kb-spacer-54ca541f kb-spacer\" aria-hidden=\"true\"><\/div>\n\n\n\n<div class=\"wp-block-kenta-blocks-paragraph kb-paragraph kb-paragraph-7f682faa\"><p class=\"\"><\/p><\/div>\n\n\n\n<div class=\"wp-block-kenta-blocks-paragraph kb-paragraph kb-paragraph-4c1706b6\"><p class=\"\"><strong><strong>Cont\u00e1ctenos <\/strong><\/strong><\/p><\/div>\n\n\n\n<div class=\"wp-block-kenta-blocks-paragraph kb-paragraph kb-paragraph-b894d7a2\"><p class=\"\">para una propuesta a la medida.<\/p><\/div>\n<\/div><\/div><\/div>\n\n\n\n<div class=\"wp-block-kenta-blocks-column kb-column-wrapper kb-column-wrapper-2874316e kenta-scroll-reveal\"><div class=\"kb-column kb-column-2874316e\"><div class=\"kb-column-content\">\n<div class=\"wp-block-kenta-blocks-heading kb-heading kb-heading-h3 kb-heading-0251b320\"><h3 class=\"\"> Perfil Gastron\u00f3mico y Sensorial del Caf\u00e9 <\/h3><\/div>\n\n\n\n<div class=\"wp-block-kenta-blocks-spacer kb-spacer-8119988f kb-spacer\" aria-hidden=\"true\"><\/div>\n\n\n\n<figure class=\"wp-block-image size-large\"><img data-recalc-dims=\"1\" loading=\"lazy\" decoding=\"async\" width=\"1024\" height=\"1024\" src=\"https:\/\/i0.wp.com\/montanasdelss.com\/wp-content\/uploads\/2025\/04\/Perfil-gastronomico-web.jpg?resize=1024%2C1024&#038;ssl=1\" alt=\"\" class=\"wp-image-169\" srcset=\"https:\/\/i0.wp.com\/montanasdelss.com\/wp-content\/uploads\/2025\/04\/Perfil-gastronomico-web.jpg?resize=1024%2C1024&amp;ssl=1 1024w, https:\/\/i0.wp.com\/montanasdelss.com\/wp-content\/uploads\/2025\/04\/Perfil-gastronomico-web.jpg?resize=300%2C300&amp;ssl=1 300w, https:\/\/i0.wp.com\/montanasdelss.com\/wp-content\/uploads\/2025\/04\/Perfil-gastronomico-web.jpg?resize=150%2C150&amp;ssl=1 150w, https:\/\/i0.wp.com\/montanasdelss.com\/wp-content\/uploads\/2025\/04\/Perfil-gastronomico-web.jpg?resize=768%2C768&amp;ssl=1 768w, https:\/\/i0.wp.com\/montanasdelss.com\/wp-content\/uploads\/2025\/04\/Perfil-gastronomico-web.jpg?w=1080&amp;ssl=1 1080w\" sizes=\"auto, (max-width: 1000px) 100vw, 1000px\" \/><\/figure>\n\n\n\n<div class=\"wp-block-kenta-blocks-spacer kb-spacer-503959fe kb-spacer\" aria-hidden=\"true\"><\/div>\n\n\n\n<div class=\"wp-block-kenta-blocks-buttons kb-buttons kb-buttons-20d61009\">\n<div class=\"kb-button-wrapper kb-button-wrapper-5a1e22ce\"><a class=\"wp-block-kenta-blocks-button kb-button kb-button-5a1e22ce kb-button-left\" href=\"https:\/\/montanasdelss.com\/index.php\/contact\/\" id=\"buy-button-business\"><span>Cont\u00e1ctanos<\/span><\/a><\/div>\n<\/div>\n\n\n\n<hr class=\"wp-block-kenta-blocks-separator kb-separator-72ea035b kb-separator\"\/>\n\n\n\n<div class=\"wp-block-kenta-blocks-paragraph kb-paragraph kb-paragraph-deae7da1\"><p class=\"\">Es una herramienta actual que se centra en detectar las cualidades del caf\u00e9 y de esta forma generar una descripci\u00f3n amplia, con referentes comunes y sugerir un correcto maridaje con los alimentos e incluso momentos y situaciones del d\u00eda.<br><br>Los resultados permiten al <strong><em>productor<\/em><\/strong> desplazar su marca en los  diferentes canales con el ofrecimiento de datos gastron\u00f3micos para el consumo.<br><\/p><\/div>\n\n\n\n<div class=\"wp-block-kenta-blocks-spacer kb-spacer-a92e8bf3 kb-spacer\" aria-hidden=\"true\"><\/div>\n\n\n\n<div class=\"wp-block-kenta-blocks-paragraph kb-paragraph kb-paragraph-40209e4c\"><p class=\"\"><\/p><\/div>\n\n\n\n<div class=\"wp-block-kenta-blocks-paragraph kb-paragraph kb-paragraph-0c2f0fec\"><p class=\"\"><strong><strong><strong>Si desea m\u00e1s informaci\u00f3n<\/strong><\/strong><\/strong><\/p><\/div>\n\n\n\n<div class=\"wp-block-kenta-blocks-paragraph kb-paragraph kb-paragraph-53f7d6cb\"><p class=\"\">y saber como tu marca de caf\u00e9 puede tener este perfil, cont\u00e1ctenos.<\/p><\/div>\n<\/div><\/div><\/div>\n<\/div>\n<\/div><\/div>\n\n\n\n<p><\/p>\n","protected":false},"excerpt":{"rendered":"","protected":false},"author":1,"featured_media":0,"parent":0,"menu_order":0,"comment_status":"closed","ping_status":"closed","template":"","meta":{"site-container-style":"default","site-container-layout":"default","site-sidebar-layout":"default","site-transparent-header":"enable","disable-article-header":"yes","disable-site-header":"default","disable-site-footer":"default","disable-content-area-spacing":"yes","footnotes":""},"class_list":["post-87","page","type-page","status-publish","hentry"],"yoast_head":"<!-- This site is optimized with the Yoast SEO plugin v27.1.1 - https:\/\/yoast.com\/product\/yoast-seo-wordpress\/ -->\n<title>Servicios - Caf\u00e9 Org\u00e1nico en Puebla | Distribuidor de Caf\u00e9 de Especialida<\/title>\n<meta name=\"robots\" content=\"index, follow, max-snippet:-1, max-image-preview:large, max-video-preview:-1\" \/>\n<link rel=\"canonical\" href=\"https:\/\/montanasdelss.com\/index.php\/pricing\/\" \/>\n<meta property=\"og:locale\" content=\"es_ES\" \/>\n<meta property=\"og:type\" content=\"article\" \/>\n<meta property=\"og:title\" content=\"Servicios - Caf\u00e9 Org\u00e1nico en Puebla | Distribuidor de Caf\u00e9 de Especialida\" \/>\n<meta property=\"og:url\" content=\"https:\/\/montanasdelss.com\/index.php\/pricing\/\" \/>\n<meta property=\"og:site_name\" content=\"Caf\u00e9 Org\u00e1nico en Puebla | Distribuidor de Caf\u00e9 de Especialida\" \/>\n<meta property=\"article:publisher\" content=\"https:\/\/www.facebook.com\/montanasdelss\/\" \/>\n<meta property=\"article:modified_time\" content=\"2025-04-25T20:06:02+00:00\" \/>\n<meta property=\"og:image\" content=\"https:\/\/i0.wp.com\/montanasdelss.com\/wp-content\/uploads\/2025\/04\/Cafe-Negocios-web2.jpg?fit=1080%2C1080&ssl=1\" \/>\n\t<meta property=\"og:image:width\" content=\"1080\" \/>\n\t<meta property=\"og:image:height\" content=\"1080\" \/>\n\t<meta property=\"og:image:type\" content=\"image\/jpeg\" \/>\n<meta name=\"twitter:card\" content=\"summary_large_image\" \/>\n<meta name=\"twitter:label1\" content=\"Tiempo de lectura\" \/>\n\t<meta name=\"twitter:data1\" content=\"2 minutos\" \/>\n<script type=\"application\/ld+json\" class=\"yoast-schema-graph\">{\"@context\":\"https:\/\/schema.org\",\"@graph\":[{\"@type\":\"WebPage\",\"@id\":\"https:\/\/montanasdelss.com\/index.php\/pricing\/\",\"url\":\"https:\/\/montanasdelss.com\/index.php\/pricing\/\",\"name\":\"Servicios - Caf\u00e9 Org\u00e1nico en Puebla | Distribuidor de Caf\u00e9 de Especialida\",\"isPartOf\":{\"@id\":\"https:\/\/montanasdelss.com\/#website\"},\"primaryImageOfPage\":{\"@id\":\"https:\/\/montanasdelss.com\/index.php\/pricing\/#primaryimage\"},\"image\":{\"@id\":\"https:\/\/montanasdelss.com\/index.php\/pricing\/#primaryimage\"},\"thumbnailUrl\":\"https:\/\/montanasdelss.com\/wp-content\/uploads\/2025\/04\/Cafe-Negocios-web2-1024x1024.jpg\",\"datePublished\":\"2023-01-25T09:12:33+00:00\",\"dateModified\":\"2025-04-25T20:06:02+00:00\",\"breadcrumb\":{\"@id\":\"https:\/\/montanasdelss.com\/index.php\/pricing\/#breadcrumb\"},\"inLanguage\":\"es\",\"potentialAction\":[{\"@type\":\"ReadAction\",\"target\":[\"https:\/\/montanasdelss.com\/index.php\/pricing\/\"]}]},{\"@type\":\"ImageObject\",\"inLanguage\":\"es\",\"@id\":\"https:\/\/montanasdelss.com\/index.php\/pricing\/#primaryimage\",\"url\":\"https:\/\/i0.wp.com\/montanasdelss.com\/wp-content\/uploads\/2025\/04\/Cafe-Negocios-web2.jpg?fit=1080%2C1080&ssl=1\",\"contentUrl\":\"https:\/\/i0.wp.com\/montanasdelss.com\/wp-content\/uploads\/2025\/04\/Cafe-Negocios-web2.jpg?fit=1080%2C1080&ssl=1\",\"width\":1080,\"height\":1080},{\"@type\":\"BreadcrumbList\",\"@id\":\"https:\/\/montanasdelss.com\/index.php\/pricing\/#breadcrumb\",\"itemListElement\":[{\"@type\":\"ListItem\",\"position\":1,\"name\":\"Portada\",\"item\":\"https:\/\/montanasdelss.com\/\"},{\"@type\":\"ListItem\",\"position\":2,\"name\":\"Servicios\"}]},{\"@type\":\"WebSite\",\"@id\":\"https:\/\/montanasdelss.com\/#website\",\"url\":\"https:\/\/montanasdelss.com\/\",\"name\":\"Caf\u00e9 Org\u00e1nico en Puebla | Distribuidor de Caf\u00e9 de Especialida\",\"description\":\"Las Monta\u00f1as del Sur Sureste\",\"publisher\":{\"@id\":\"https:\/\/montanasdelss.com\/#organization\"},\"alternateName\":\"Las Monta\u00f1as del Sur Sureste\",\"potentialAction\":[{\"@type\":\"SearchAction\",\"target\":{\"@type\":\"EntryPoint\",\"urlTemplate\":\"https:\/\/montanasdelss.com\/?s={search_term_string}\"},\"query-input\":{\"@type\":\"PropertyValueSpecification\",\"valueRequired\":true,\"valueName\":\"search_term_string\"}}],\"inLanguage\":\"es\"},{\"@type\":\"Organization\",\"@id\":\"https:\/\/montanasdelss.com\/#organization\",\"name\":\"Las Monta\u00f1as del Sur Sureste\",\"url\":\"https:\/\/montanasdelss.com\/\",\"logo\":{\"@type\":\"ImageObject\",\"inLanguage\":\"es\",\"@id\":\"https:\/\/montanasdelss.com\/#\/schema\/logo\/image\/\",\"url\":\"https:\/\/i0.wp.com\/montanasdelss.com\/wp-content\/uploads\/2025\/04\/Logo-Montanas-letra-negra.png?fit=500%2C500&ssl=1\",\"contentUrl\":\"https:\/\/i0.wp.com\/montanasdelss.com\/wp-content\/uploads\/2025\/04\/Logo-Montanas-letra-negra.png?fit=500%2C500&ssl=1\",\"width\":500,\"height\":500,\"caption\":\"Las Monta\u00f1as del Sur Sureste\"},\"image\":{\"@id\":\"https:\/\/montanasdelss.com\/#\/schema\/logo\/image\/\"},\"sameAs\":[\"https:\/\/www.facebook.com\/montanasdelss\/\",\"https:\/\/www.linkedin.com\/company\/montanasdelss\/\",\"https:\/\/instagram.com\/montanasdelss\/\"]}]}<\/script>\n<!-- \/ Yoast SEO plugin. -->","yoast_head_json":{"title":"Servicios - Caf\u00e9 Org\u00e1nico en Puebla | Distribuidor de Caf\u00e9 de Especialida","robots":{"index":"index","follow":"follow","max-snippet":"max-snippet:-1","max-image-preview":"max-image-preview:large","max-video-preview":"max-video-preview:-1"},"canonical":"https:\/\/montanasdelss.com\/index.php\/pricing\/","og_locale":"es_ES","og_type":"article","og_title":"Servicios - Caf\u00e9 Org\u00e1nico en Puebla | Distribuidor de Caf\u00e9 de Especialida","og_url":"https:\/\/montanasdelss.com\/index.php\/pricing\/","og_site_name":"Caf\u00e9 Org\u00e1nico en Puebla | Distribuidor de Caf\u00e9 de Especialida","article_publisher":"https:\/\/www.facebook.com\/montanasdelss\/","article_modified_time":"2025-04-25T20:06:02+00:00","og_image":[{"width":1080,"height":1080,"url":"https:\/\/i0.wp.com\/montanasdelss.com\/wp-content\/uploads\/2025\/04\/Cafe-Negocios-web2.jpg?fit=1080%2C1080&ssl=1","type":"image\/jpeg"}],"twitter_card":"summary_large_image","twitter_misc":{"Tiempo de lectura":"2 minutos"},"schema":{"@context":"https:\/\/schema.org","@graph":[{"@type":"WebPage","@id":"https:\/\/montanasdelss.com\/index.php\/pricing\/","url":"https:\/\/montanasdelss.com\/index.php\/pricing\/","name":"Servicios - Caf\u00e9 Org\u00e1nico en Puebla | Distribuidor de Caf\u00e9 de Especialida","isPartOf":{"@id":"https:\/\/montanasdelss.com\/#website"},"primaryImageOfPage":{"@id":"https:\/\/montanasdelss.com\/index.php\/pricing\/#primaryimage"},"image":{"@id":"https:\/\/montanasdelss.com\/index.php\/pricing\/#primaryimage"},"thumbnailUrl":"https:\/\/montanasdelss.com\/wp-content\/uploads\/2025\/04\/Cafe-Negocios-web2-1024x1024.jpg","datePublished":"2023-01-25T09:12:33+00:00","dateModified":"2025-04-25T20:06:02+00:00","breadcrumb":{"@id":"https:\/\/montanasdelss.com\/index.php\/pricing\/#breadcrumb"},"inLanguage":"es","potentialAction":[{"@type":"ReadAction","target":["https:\/\/montanasdelss.com\/index.php\/pricing\/"]}]},{"@type":"ImageObject","inLanguage":"es","@id":"https:\/\/montanasdelss.com\/index.php\/pricing\/#primaryimage","url":"https:\/\/i0.wp.com\/montanasdelss.com\/wp-content\/uploads\/2025\/04\/Cafe-Negocios-web2.jpg?fit=1080%2C1080&ssl=1","contentUrl":"https:\/\/i0.wp.com\/montanasdelss.com\/wp-content\/uploads\/2025\/04\/Cafe-Negocios-web2.jpg?fit=1080%2C1080&ssl=1","width":1080,"height":1080},{"@type":"BreadcrumbList","@id":"https:\/\/montanasdelss.com\/index.php\/pricing\/#breadcrumb","itemListElement":[{"@type":"ListItem","position":1,"name":"Portada","item":"https:\/\/montanasdelss.com\/"},{"@type":"ListItem","position":2,"name":"Servicios"}]},{"@type":"WebSite","@id":"https:\/\/montanasdelss.com\/#website","url":"https:\/\/montanasdelss.com\/","name":"Caf\u00e9 Org\u00e1nico en Puebla | Distribuidor de Caf\u00e9 de Especialida","description":"Las Monta\u00f1as del Sur Sureste","publisher":{"@id":"https:\/\/montanasdelss.com\/#organization"},"alternateName":"Las Monta\u00f1as del Sur Sureste","potentialAction":[{"@type":"SearchAction","target":{"@type":"EntryPoint","urlTemplate":"https:\/\/montanasdelss.com\/?s={search_term_string}"},"query-input":{"@type":"PropertyValueSpecification","valueRequired":true,"valueName":"search_term_string"}}],"inLanguage":"es"},{"@type":"Organization","@id":"https:\/\/montanasdelss.com\/#organization","name":"Las Monta\u00f1as del Sur Sureste","url":"https:\/\/montanasdelss.com\/","logo":{"@type":"ImageObject","inLanguage":"es","@id":"https:\/\/montanasdelss.com\/#\/schema\/logo\/image\/","url":"https:\/\/i0.wp.com\/montanasdelss.com\/wp-content\/uploads\/2025\/04\/Logo-Montanas-letra-negra.png?fit=500%2C500&ssl=1","contentUrl":"https:\/\/i0.wp.com\/montanasdelss.com\/wp-content\/uploads\/2025\/04\/Logo-Montanas-letra-negra.png?fit=500%2C500&ssl=1","width":500,"height":500,"caption":"Las Monta\u00f1as del Sur Sureste"},"image":{"@id":"https:\/\/montanasdelss.com\/#\/schema\/logo\/image\/"},"sameAs":["https:\/\/www.facebook.com\/montanasdelss\/","https:\/\/www.linkedin.com\/company\/montanasdelss\/","https:\/\/instagram.com\/montanasdelss\/"]}]}},"jetpack-related-posts":[],"jetpack_likes_enabled":true,"jetpack_sharing_enabled":true,"_links":{"self":[{"href":"https:\/\/montanasdelss.com\/index.php\/wp-json\/wp\/v2\/pages\/87","targetHints":{"allow":["GET"]}}],"collection":[{"href":"https:\/\/montanasdelss.com\/index.php\/wp-json\/wp\/v2\/pages"}],"about":[{"href":"https:\/\/montanasdelss.com\/index.php\/wp-json\/wp\/v2\/types\/page"}],"author":[{"embeddable":true,"href":"https:\/\/montanasdelss.com\/index.php\/wp-json\/wp\/v2\/users\/1"}],"replies":[{"embeddable":true,"href":"https:\/\/montanasdelss.com\/index.php\/wp-json\/wp\/v2\/comments?post=87"}],"version-history":[{"count":8,"href":"https:\/\/montanasdelss.com\/index.php\/wp-json\/wp\/v2\/pages\/87\/revisions"}],"predecessor-version":[{"id":186,"href":"https:\/\/montanasdelss.com\/index.php\/wp-json\/wp\/v2\/pages\/87\/revisions\/186"}],"wp:attachment":[{"href":"https:\/\/montanasdelss.com\/index.php\/wp-json\/wp\/v2\/media?parent=87"}],"curies":[{"name":"wp","href":"https:\/\/api.w.org\/{rel}","templated":true}]}}