{"id":24,"date":"2023-01-20T04:07:02","date_gmt":"2023-01-20T04:07:02","guid":{"rendered":"https:\/\/kentatheme.com\/online-business\/?page_id=24"},"modified":"2025-04-25T20:03:04","modified_gmt":"2025-04-25T20:03:04","slug":"contact","status":"publish","type":"page","link":"https:\/\/montanasdelss.com\/index.php\/contact\/","title":{"rendered":"Contacto"},"content":{"rendered":"\n<div class=\"wp-block-kenta-blocks-cover alignfull kb-cover-e9f74b4e kb-cover kb-cover-has-overlay\"><div class=\"kb-cover-inner-container\">\n<div class=\"wp-block-kenta-blocks-spacer kb-spacer-de1620cf kb-spacer\" aria-hidden=\"true\"><\/div>\n\n\n\n<div class=\"wp-block-kenta-blocks-section kb-section-6b511efd kb-section\">\n<div class=\"wp-block-kenta-blocks-column kb-column-wrapper kb-column-wrapper-05fb1a03\"><div class=\"kb-column kb-column-05fb1a03\"><div class=\"kb-column-content\">\n<div class=\"wp-block-kenta-blocks-heading kb-heading kb-heading-h1 kb-heading-c6ddcfd0 kenta-scroll-reveal\"><h1 class=\"\">\u00bfHablamos de caf\u00e9?<\/h1><\/div>\n\n\n\n<div class=\"wp-block-kenta-blocks-paragraph kb-paragraph kb-paragraph-c4d8fce3 kenta-scroll-reveal\"><p class=\"\"><br>En <em>Las Monta\u00f1as del Sur Sureste<\/em> estamos listos para llevar el mejor caf\u00e9 org\u00e1nico y agroecol\u00f3gico directo a tu negocio. Ya sea que busques una cotizaci\u00f3n, tengas dudas sobre nuestras presentaciones o quieras agendar una capacitaci\u00f3n, estamos aqu\u00ed para ayudarte.<br><br><strong>Escr\u00edbenos o ll\u00e1manos y descubramos c\u00f3mo trabajar juntos.<\/strong><\/p><\/div>\n<\/div><\/div><\/div>\n<\/div>\n<\/div><\/div>\n\n\n\n<div class=\"wp-block-kenta-blocks-section kb-section-3b8e817f kb-section\">\n<div class=\"wp-block-kenta-blocks-column kb-column-wrapper kb-column-wrapper-cbcaeb80 kenta-scroll-reveal\"><div class=\"kb-column kb-column-cbcaeb80\"><div class=\"kb-column-content\">\n<div class=\"wp-block-kenta-blocks-heading kb-heading kb-heading-h2 kb-heading-d7f3f575\"><h2 class=\"\">Ponte en contacto<\/h2><\/div>\n\n\n\n<div class=\"wp-block-kenta-blocks-paragraph kb-paragraph kb-paragraph-cc6a7687\"><p class=\"\"><\/p><\/div>\n\n\n\n<div class=\"wp-block-kenta-blocks-stack kb-stack-57218eee kb-stack\"><div class=\"kb-stack-inner-container\">\n<div class=\"wp-block-kenta-blocks-row kb-row-2c6c9427 kb-row kenta-scroll-reveal\"><div class=\"kb-row-inner-container\">\n<div class=\"wp-block-kenta-blocks-icon kb-icon kb-icon-c586c25c\"><div class=\"kb-icon-wrap\"><i class=\"fas fa-location-dot\"><\/i><\/div><\/div>\n\n\n\n<div class=\"wp-block-kenta-blocks-paragraph kb-paragraph kb-paragraph-14549f72\"><p class=\"\">Puebla, Pue., M\u00e9xico.<\/p><\/div>\n<\/div><\/div>\n\n\n\n<div class=\"wp-block-kenta-blocks-row kb-row-7615ebe2 kb-row kenta-scroll-reveal\"><div class=\"kb-row-inner-container\">\n<div class=\"wp-block-kenta-blocks-icon kb-icon kb-icon-e59d7169\"><div class=\"kb-icon-wrap\"><i class=\"fas fa-phone\"><\/i><\/div><\/div>\n\n\n\n<div class=\"wp-block-kenta-blocks-paragraph kb-paragraph kb-paragraph-d57402ab\"><p class=\"\">221 2471 743<\/p><\/div>\n<\/div><\/div>\n\n\n\n<div class=\"wp-block-kenta-blocks-row kb-row-b2054b01 kb-row kenta-scroll-reveal\"><div class=\"kb-row-inner-container\">\n<div class=\"wp-block-kenta-blocks-icon kb-icon kb-icon-b8ee6a50\"><div class=\"kb-icon-wrap\"><i class=\"fas fa-envelope\"><\/i><\/div><\/div>\n\n\n\n<div class=\"wp-block-kenta-blocks-paragraph kb-paragraph kb-paragraph-ff911465\"><p class=\"\">contacto@montanasdelss.com<\/p><\/div>\n<\/div><\/div>\n<\/div><\/div>\n<\/div><\/div><\/div>\n\n\n\n<div class=\"wp-block-kenta-blocks-column kb-column-wrapper kb-column-wrapper-7ad48365 kenta-scroll-reveal\"><div class=\"kb-column kb-column-7ad48365\"><div class=\"kb-column-content\">\n<div class=\"wpcf7 no-js\" id=\"wpcf7-f46-o1\" lang=\"en-US\" dir=\"ltr\" data-wpcf7-id=\"46\">\n<div class=\"screen-reader-response\"><p role=\"status\" aria-live=\"polite\" aria-atomic=\"true\"><\/p> <ul><\/ul><\/div>\n<form action=\"\/index.php\/wp-json\/wp\/v2\/pages\/24#wpcf7-f46-o1\" method=\"post\" class=\"wpcf7-form init\" aria-label=\"Contact form\" novalidate=\"novalidate\" data-status=\"init\">\n<fieldset class=\"hidden-fields-container\"><input type=\"hidden\" name=\"_wpcf7\" value=\"46\" \/><input type=\"hidden\" name=\"_wpcf7_version\" value=\"6.1.5\" \/><input type=\"hidden\" name=\"_wpcf7_locale\" value=\"en_US\" \/><input type=\"hidden\" name=\"_wpcf7_unit_tag\" value=\"wpcf7-f46-o1\" \/><input type=\"hidden\" name=\"_wpcf7_container_post\" value=\"0\" \/><input type=\"hidden\" name=\"_wpcf7_posted_data_hash\" value=\"\" \/>\n<\/fieldset>\n<div class=\"kenta-cf\">\n\t<div class=\"kenta-inner-label\">\n\t\t<p><label for=\"your-name\"> Tu Nombre <\/label><span class=\"wpcf7-form-control-wrap\" data-name=\"your-name\"><input size=\"40\" maxlength=\"400\" class=\"wpcf7-form-control wpcf7-text wpcf7-validates-as-required\" id=\"your-name\" autocomplete=\"name\" aria-required=\"true\" aria-invalid=\"false\" value=\"\" type=\"text\" name=\"your-name\" \/><\/span>\n\t\t<\/p>\n\t<\/div>\n\t<div class=\"kenta-inner-label\">\n\t\t<p><label for=\"your-email\"> Tu email <\/label><span class=\"wpcf7-form-control-wrap\" data-name=\"your-email\"><input size=\"40\" maxlength=\"400\" class=\"wpcf7-form-control wpcf7-email wpcf7-validates-as-required wpcf7-text wpcf7-validates-as-email\" id=\"your-email\" autocomplete=\"email\" aria-required=\"true\" aria-invalid=\"false\" value=\"\" type=\"email\" name=\"your-email\" \/><\/span>\n\t\t<\/p>\n\t<\/div>\n\t<div class=\"kenta-inner-label\">\n\t\t<p><label for=\"subject\"> Tema del mensaje <\/label><span class=\"wpcf7-form-control-wrap\" data-name=\"your-subject\"><input size=\"40\" maxlength=\"400\" class=\"wpcf7-form-control wpcf7-text wpcf7-validates-as-required\" id=\"subject\" aria-required=\"true\" aria-invalid=\"false\" value=\"\" type=\"text\" name=\"your-subject\" \/><\/span>\n\t\t<\/p>\n\t<\/div>\n\t<div class=\"kenta-inner-label\">\n\t\t<p><label for=\"message\"> Mensaje<\/label><span class=\"wpcf7-form-control-wrap\" data-name=\"your-message\"><textarea cols=\"40\" rows=\"10\" maxlength=\"2000\" class=\"wpcf7-form-control wpcf7-textarea\" id=\"message\" aria-invalid=\"false\" name=\"your-message\"><\/textarea><\/span>\n\t\t<\/p>\n\t<\/div>\n\t<div class=\"kenta-full-width-submit\">\n\t\t<p><input class=\"wpcf7-form-control wpcf7-submit has-spinner\" type=\"submit\" value=\"Enviar\" \/>\n\t\t<\/p>\n\t<\/div>\n<\/div><p style=\"display: none !important;\" class=\"akismet-fields-container\" data-prefix=\"_wpcf7_ak_\"><label>&#916;<textarea name=\"_wpcf7_ak_hp_textarea\" cols=\"45\" rows=\"8\" maxlength=\"100\"><\/textarea><\/label><input type=\"hidden\" id=\"ak_js_1\" name=\"_wpcf7_ak_js\" value=\"247\"\/><script>document.getElementById( \"ak_js_1\" ).setAttribute( \"value\", ( new Date() ).getTime() );<\/script><\/p><div class=\"wpcf7-response-output\" aria-hidden=\"true\"><\/div>\n<\/form>\n<\/div>\n\n<\/div><\/div><\/div>\n<\/div>\n\n\n\n<p><\/p>\n","protected":false},"excerpt":{"rendered":"","protected":false},"author":1,"featured_media":0,"parent":0,"menu_order":0,"comment_status":"closed","ping_status":"closed","template":"","meta":{"site-container-style":"default","site-container-layout":"default","site-sidebar-layout":"default","site-transparent-header":"enable","disable-article-header":"yes","disable-site-header":"default","disable-site-footer":"default","disable-content-area-spacing":"yes","footnotes":""},"class_list":["post-24","page","type-page","status-publish","hentry"],"yoast_head":"<!-- This site is optimized with the Yoast SEO plugin v27.1.1 - https:\/\/yoast.com\/product\/yoast-seo-wordpress\/ -->\n<title>Contacto - Caf\u00e9 Org\u00e1nico en Puebla | Distribuidor de Caf\u00e9 de Especialida<\/title>\n<meta name=\"robots\" content=\"index, follow, max-snippet:-1, max-image-preview:large, max-video-preview:-1\" \/>\n<link rel=\"canonical\" href=\"https:\/\/montanasdelss.com\/index.php\/contact\/\" \/>\n<meta property=\"og:locale\" content=\"es_ES\" \/>\n<meta property=\"og:type\" content=\"article\" \/>\n<meta property=\"og:title\" content=\"Contacto - Caf\u00e9 Org\u00e1nico en Puebla | Distribuidor de Caf\u00e9 de Especialida\" \/>\n<meta property=\"og:url\" content=\"https:\/\/montanasdelss.com\/index.php\/contact\/\" \/>\n<meta property=\"og:site_name\" content=\"Caf\u00e9 Org\u00e1nico en Puebla | Distribuidor de Caf\u00e9 de Especialida\" \/>\n<meta property=\"article:publisher\" content=\"https:\/\/www.facebook.com\/montanasdelss\/\" \/>\n<meta property=\"article:modified_time\" content=\"2025-04-25T20:03:04+00:00\" \/>\n<meta property=\"og:image\" content=\"https:\/\/i0.wp.com\/montanasdelss.com\/wp-content\/uploads\/2025\/04\/IMG_0205.jpg?fit=1600%2C901&ssl=1\" \/>\n\t<meta property=\"og:image:width\" content=\"1600\" \/>\n\t<meta property=\"og:image:height\" content=\"901\" \/>\n\t<meta property=\"og:image:type\" content=\"image\/jpeg\" \/>\n<meta name=\"twitter:card\" content=\"summary_large_image\" \/>\n<meta name=\"twitter:label1\" content=\"Tiempo de lectura\" \/>\n\t<meta name=\"twitter:data1\" content=\"1 minuto\" \/>\n<script type=\"application\/ld+json\" class=\"yoast-schema-graph\">{\"@context\":\"https:\/\/schema.org\",\"@graph\":[{\"@type\":\"WebPage\",\"@id\":\"https:\/\/montanasdelss.com\/index.php\/contact\/\",\"url\":\"https:\/\/montanasdelss.com\/index.php\/contact\/\",\"name\":\"Contacto - Caf\u00e9 Org\u00e1nico en Puebla | Distribuidor de Caf\u00e9 de Especialida\",\"isPartOf\":{\"@id\":\"https:\/\/montanasdelss.com\/#website\"},\"datePublished\":\"2023-01-20T04:07:02+00:00\",\"dateModified\":\"2025-04-25T20:03:04+00:00\",\"breadcrumb\":{\"@id\":\"https:\/\/montanasdelss.com\/index.php\/contact\/#breadcrumb\"},\"inLanguage\":\"es\",\"potentialAction\":[{\"@type\":\"ReadAction\",\"target\":[\"https:\/\/montanasdelss.com\/index.php\/contact\/\"]}]},{\"@type\":\"BreadcrumbList\",\"@id\":\"https:\/\/montanasdelss.com\/index.php\/contact\/#breadcrumb\",\"itemListElement\":[{\"@type\":\"ListItem\",\"position\":1,\"name\":\"Portada\",\"item\":\"https:\/\/montanasdelss.com\/\"},{\"@type\":\"ListItem\",\"position\":2,\"name\":\"Contacto\"}]},{\"@type\":\"WebSite\",\"@id\":\"https:\/\/montanasdelss.com\/#website\",\"url\":\"https:\/\/montanasdelss.com\/\",\"name\":\"Caf\u00e9 Org\u00e1nico en Puebla | Distribuidor de Caf\u00e9 de Especialida\",\"description\":\"Las Monta\u00f1as del Sur Sureste\",\"publisher\":{\"@id\":\"https:\/\/montanasdelss.com\/#organization\"},\"alternateName\":\"Las Monta\u00f1as del Sur Sureste\",\"potentialAction\":[{\"@type\":\"SearchAction\",\"target\":{\"@type\":\"EntryPoint\",\"urlTemplate\":\"https:\/\/montanasdelss.com\/?s={search_term_string}\"},\"query-input\":{\"@type\":\"PropertyValueSpecification\",\"valueRequired\":true,\"valueName\":\"search_term_string\"}}],\"inLanguage\":\"es\"},{\"@type\":\"Organization\",\"@id\":\"https:\/\/montanasdelss.com\/#organization\",\"name\":\"Las Monta\u00f1as del Sur Sureste\",\"url\":\"https:\/\/montanasdelss.com\/\",\"logo\":{\"@type\":\"ImageObject\",\"inLanguage\":\"es\",\"@id\":\"https:\/\/montanasdelss.com\/#\/schema\/logo\/image\/\",\"url\":\"https:\/\/i0.wp.com\/montanasdelss.com\/wp-content\/uploads\/2025\/04\/Logo-Montanas-letra-negra.png?fit=500%2C500&ssl=1\",\"contentUrl\":\"https:\/\/i0.wp.com\/montanasdelss.com\/wp-content\/uploads\/2025\/04\/Logo-Montanas-letra-negra.png?fit=500%2C500&ssl=1\",\"width\":500,\"height\":500,\"caption\":\"Las Monta\u00f1as del Sur Sureste\"},\"image\":{\"@id\":\"https:\/\/montanasdelss.com\/#\/schema\/logo\/image\/\"},\"sameAs\":[\"https:\/\/www.facebook.com\/montanasdelss\/\",\"https:\/\/www.linkedin.com\/company\/montanasdelss\/\",\"https:\/\/instagram.com\/montanasdelss\/\"]}]}<\/script>\n<!-- \/ Yoast SEO plugin. -->","yoast_head_json":{"title":"Contacto - Caf\u00e9 Org\u00e1nico en Puebla | Distribuidor de Caf\u00e9 de Especialida","robots":{"index":"index","follow":"follow","max-snippet":"max-snippet:-1","max-image-preview":"max-image-preview:large","max-video-preview":"max-video-preview:-1"},"canonical":"https:\/\/montanasdelss.com\/index.php\/contact\/","og_locale":"es_ES","og_type":"article","og_title":"Contacto - Caf\u00e9 Org\u00e1nico en Puebla | Distribuidor de Caf\u00e9 de Especialida","og_url":"https:\/\/montanasdelss.com\/index.php\/contact\/","og_site_name":"Caf\u00e9 Org\u00e1nico en Puebla | Distribuidor de Caf\u00e9 de Especialida","article_publisher":"https:\/\/www.facebook.com\/montanasdelss\/","article_modified_time":"2025-04-25T20:03:04+00:00","og_image":[{"width":1600,"height":901,"url":"https:\/\/i0.wp.com\/montanasdelss.com\/wp-content\/uploads\/2025\/04\/IMG_0205.jpg?fit=1600%2C901&ssl=1","type":"image\/jpeg"}],"twitter_card":"summary_large_image","twitter_misc":{"Tiempo de lectura":"1 minuto"},"schema":{"@context":"https:\/\/schema.org","@graph":[{"@type":"WebPage","@id":"https:\/\/montanasdelss.com\/index.php\/contact\/","url":"https:\/\/montanasdelss.com\/index.php\/contact\/","name":"Contacto - Caf\u00e9 Org\u00e1nico en Puebla | Distribuidor de Caf\u00e9 de Especialida","isPartOf":{"@id":"https:\/\/montanasdelss.com\/#website"},"datePublished":"2023-01-20T04:07:02+00:00","dateModified":"2025-04-25T20:03:04+00:00","breadcrumb":{"@id":"https:\/\/montanasdelss.com\/index.php\/contact\/#breadcrumb"},"inLanguage":"es","potentialAction":[{"@type":"ReadAction","target":["https:\/\/montanasdelss.com\/index.php\/contact\/"]}]},{"@type":"BreadcrumbList","@id":"https:\/\/montanasdelss.com\/index.php\/contact\/#breadcrumb","itemListElement":[{"@type":"ListItem","position":1,"name":"Portada","item":"https:\/\/montanasdelss.com\/"},{"@type":"ListItem","position":2,"name":"Contacto"}]},{"@type":"WebSite","@id":"https:\/\/montanasdelss.com\/#website","url":"https:\/\/montanasdelss.com\/","name":"Caf\u00e9 Org\u00e1nico en Puebla | Distribuidor de Caf\u00e9 de Especialida","description":"Las Monta\u00f1as del Sur Sureste","publisher":{"@id":"https:\/\/montanasdelss.com\/#organization"},"alternateName":"Las Monta\u00f1as del Sur Sureste","potentialAction":[{"@type":"SearchAction","target":{"@type":"EntryPoint","urlTemplate":"https:\/\/montanasdelss.com\/?s={search_term_string}"},"query-input":{"@type":"PropertyValueSpecification","valueRequired":true,"valueName":"search_term_string"}}],"inLanguage":"es"},{"@type":"Organization","@id":"https:\/\/montanasdelss.com\/#organization","name":"Las Monta\u00f1as del Sur Sureste","url":"https:\/\/montanasdelss.com\/","logo":{"@type":"ImageObject","inLanguage":"es","@id":"https:\/\/montanasdelss.com\/#\/schema\/logo\/image\/","url":"https:\/\/i0.wp.com\/montanasdelss.com\/wp-content\/uploads\/2025\/04\/Logo-Montanas-letra-negra.png?fit=500%2C500&ssl=1","contentUrl":"https:\/\/i0.wp.com\/montanasdelss.com\/wp-content\/uploads\/2025\/04\/Logo-Montanas-letra-negra.png?fit=500%2C500&ssl=1","width":500,"height":500,"caption":"Las Monta\u00f1as del Sur Sureste"},"image":{"@id":"https:\/\/montanasdelss.com\/#\/schema\/logo\/image\/"},"sameAs":["https:\/\/www.facebook.com\/montanasdelss\/","https:\/\/www.linkedin.com\/company\/montanasdelss\/","https:\/\/instagram.com\/montanasdelss\/"]}]}},"jetpack-related-posts":[],"jetpack_likes_enabled":true,"jetpack_sharing_enabled":true,"_links":{"self":[{"href":"https:\/\/montanasdelss.com\/index.php\/wp-json\/wp\/v2\/pages\/24","targetHints":{"allow":["GET"]}}],"collection":[{"href":"https:\/\/montanasdelss.com\/index.php\/wp-json\/wp\/v2\/pages"}],"about":[{"href":"https:\/\/montanasdelss.com\/index.php\/wp-json\/wp\/v2\/types\/page"}],"author":[{"embeddable":true,"href":"https:\/\/montanasdelss.com\/index.php\/wp-json\/wp\/v2\/users\/1"}],"replies":[{"embeddable":true,"href":"https:\/\/montanasdelss.com\/index.php\/wp-json\/wp\/v2\/comments?post=24"}],"version-history":[{"count":10,"href":"https:\/\/montanasdelss.com\/index.php\/wp-json\/wp\/v2\/pages\/24\/revisions"}],"predecessor-version":[{"id":184,"href":"https:\/\/montanasdelss.com\/index.php\/wp-json\/wp\/v2\/pages\/24\/revisions\/184"}],"wp:attachment":[{"href":"https:\/\/montanasdelss.com\/index.php\/wp-json\/wp\/v2\/media?parent=24"}],"curies":[{"name":"wp","href":"https:\/\/api.w.org\/{rel}","templated":true}]}}