{"id":23,"date":"2023-01-20T04:07:02","date_gmt":"2023-01-20T04:07:02","guid":{"rendered":"https:\/\/kentatheme.com\/online-business\/?page_id=23"},"modified":"2025-04-30T03:57:14","modified_gmt":"2025-04-29T21:57:14","slug":"about","status":"publish","type":"page","link":"https:\/\/montanasdelss.com\/index.php\/about\/","title":{"rendered":"Acerca de"},"content":{"rendered":"\n<div class=\"wp-block-kenta-blocks-cover alignfull kb-cover-e9f74b4e kb-cover kb-cover-has-overlay\"><div class=\"kb-cover-inner-container\">\n<div class=\"wp-block-kenta-blocks-spacer kb-spacer-de1620cf kb-spacer\" aria-hidden=\"true\"><\/div>\n\n\n\n<div class=\"wp-block-kenta-blocks-section kb-section-6b511efd kb-section\">\n<div class=\"wp-block-kenta-blocks-column kb-column-wrapper kb-column-wrapper-05fb1a03\"><div class=\"kb-column kb-column-05fb1a03\"><div class=\"kb-column-content\">\n<div class=\"wp-block-kenta-blocks-heading kb-heading kb-heading-h1 kb-heading-c6ddcfd0 kenta-scroll-reveal\"><h1 class=\"\">las monta\u00f1as del sur sureste<\/h1><\/div>\n\n\n\n<div class=\"wp-block-kenta-blocks-paragraph kb-paragraph kb-paragraph-c4d8fce3 kenta-scroll-reveal\"><p class=\"\"><br>Somos una empresa con 22 a\u00f1os de experiencia en la comercializaci\u00f3n de caf\u00e9 org\u00e1nico y en transici\u00f3n agroecol\u00f3gica, proveniente de productores de Chiapas, Veracruz y Puebla. Nos especializamos en la distribuci\u00f3n de caf\u00e9 en grano o molido para empresas, oficinas, cafeter\u00edas, restaurantes y eventos, ofreciendo un producto de alta calidad, reci\u00e9n tostado y con trazabilidad garantizada. <br><br><br>A trav\u00e9s de un modelo de atenci\u00f3n personalizado, entregas sin costo en la ciudad de Puebla y soluciones flexibles seg\u00fan el tipo de cliente, ayudamos a negocios del sector gastron\u00f3mico a elevar su propuesta de valor con un caf\u00e9 con identidad, sabor y responsabilidad. Tambi\u00e9n ofrecemos talleres de capacitaci\u00f3n profesional en barismo, costeo y perfil gastron\u00f3mico, enfocados en emprendedores y profesionales del sector HORECA.<\/p><\/div>\n<\/div><\/div><\/div>\n<\/div>\n\n\n\n<div class=\"wp-block-kenta-blocks-spacer kb-spacer-09eefadd kb-spacer\" aria-hidden=\"true\"><\/div>\n<\/div><\/div>\n\n\n\n<div class=\"wp-block-kenta-blocks-heading kb-heading kb-heading-h2 kb-heading-d7f3f575 kenta-scroll-reveal\"><h2 class=\"\">Nuestras marcas<\/h2><\/div>\n\n\n\n<div class=\"wp-block-kenta-blocks-paragraph kb-paragraph kb-paragraph-9b49ac9c kenta-scroll-reveal\"><p class=\"\"><\/p><\/div>\n\n\n\n<div class=\"wp-block-kenta-blocks-section alignwide kb-section-2730e88f kb-section\">\n<div class=\"wp-block-kenta-blocks-column kb-column-wrapper kb-column-wrapper-bbdb9d54 kenta-scroll-reveal\"><div class=\"kb-column kb-column-bbdb9d54\"><div class=\"kb-column-content\">\n<div class=\"wp-block-kenta-blocks-row kb-row-9a0ff1a6 kb-row\"><div class=\"kb-row-inner-container\">\n<figure class=\"wp-block-image size-full is-resized\"><img data-recalc-dims=\"1\" loading=\"lazy\" decoding=\"async\" width=\"500\" height=\"500\" src=\"https:\/\/i0.wp.com\/montanasdelss.com\/wp-content\/uploads\/2025\/04\/Logo-cafetzalli.png?resize=500%2C500&#038;ssl=1\" alt=\"\" class=\"wp-image-343\" style=\"width:200px\" srcset=\"https:\/\/i0.wp.com\/montanasdelss.com\/wp-content\/uploads\/2025\/04\/Logo-cafetzalli.png?w=500&amp;ssl=1 500w, https:\/\/i0.wp.com\/montanasdelss.com\/wp-content\/uploads\/2025\/04\/Logo-cafetzalli.png?resize=300%2C300&amp;ssl=1 300w, https:\/\/i0.wp.com\/montanasdelss.com\/wp-content\/uploads\/2025\/04\/Logo-cafetzalli.png?resize=150%2C150&amp;ssl=1 150w\" sizes=\"auto, (max-width: 500px) 100vw, 500px\" \/><\/figure>\n<\/div><\/div>\n\n\n\n<div class=\"wp-block-kenta-blocks-group kb-group-d2f71308 kb-group\"><div class=\"kb-group-inner-container\">\n<div class=\"wp-block-kenta-blocks-paragraph kb-paragraph kb-paragraph-6e12d9d1\"><p class=\"\"><strong><strong>L\u00ednea Org\u00e1nica<\/strong><\/strong><\/p><\/div>\n\n\n\n<div class=\"wp-block-kenta-blocks-paragraph kb-paragraph kb-paragraph-39b5f9b9\"><p class=\"\">Caf\u00e9, barras, productos y establecimientos.<br> <\/p><\/div>\n\n\n\n<div class=\"wp-block-kenta-blocks-buttons kb-buttons kb-buttons-ac377fa5\">\n<div class=\"kb-icon-button-wrapper kb-icon-button-wrapper-888ec91c\"><a class=\"wp-block-kenta-blocks-icon-button kb-icon-button kb-icon-button-888ec91c\" href=\"http:\/\/www.instagram.com\/cafetzalli\/\" target=\"_blank\"><i class=\"fab fa-square-instagram\"><\/i><\/a><\/div>\n<\/div>\n<\/div><\/div>\n<\/div><\/div><\/div>\n\n\n\n<div class=\"wp-block-kenta-blocks-column kb-column-wrapper kb-column-wrapper-440e2e24 kenta-scroll-reveal\"><div class=\"kb-column kb-column-440e2e24\"><div class=\"kb-column-content\">\n<div class=\"wp-block-kenta-blocks-row kb-row-69bfdc89 kb-row\"><div class=\"kb-row-inner-container\">\n<figure class=\"wp-block-image aligncenter size-full is-resized\"><img data-recalc-dims=\"1\" loading=\"lazy\" decoding=\"async\" width=\"500\" height=\"500\" src=\"https:\/\/i0.wp.com\/montanasdelss.com\/wp-content\/uploads\/2025\/04\/Logos-Americhiapas.png?resize=500%2C500&#038;ssl=1\" alt=\"\" class=\"wp-image-339\" style=\"width:auto;height:200px\" srcset=\"https:\/\/i0.wp.com\/montanasdelss.com\/wp-content\/uploads\/2025\/04\/Logos-Americhiapas.png?w=500&amp;ssl=1 500w, https:\/\/i0.wp.com\/montanasdelss.com\/wp-content\/uploads\/2025\/04\/Logos-Americhiapas.png?resize=300%2C300&amp;ssl=1 300w, https:\/\/i0.wp.com\/montanasdelss.com\/wp-content\/uploads\/2025\/04\/Logos-Americhiapas.png?resize=150%2C150&amp;ssl=1 150w\" sizes=\"auto, (max-width: 500px) 100vw, 500px\" \/><\/figure>\n<\/div><\/div>\n\n\n\n<div class=\"wp-block-kenta-blocks-group kb-group-019617f2 kb-group\"><div class=\"kb-group-inner-container\">\n<div class=\"wp-block-kenta-blocks-paragraph kb-paragraph kb-paragraph-85df00fc\"><p class=\"\"><strong><strong><strong>Caf\u00e9 Org\u00e1nico<\/strong><\/strong><\/strong><\/p><\/div>\n\n\n\n<div class=\"wp-block-kenta-blocks-paragraph kb-paragraph kb-paragraph-9fecbc04\"><p class=\"\">Un caf\u00e9 que refleja la tradici\u00f3n.<br><\/p><\/div>\n\n\n\n<div class=\"wp-block-kenta-blocks-buttons kb-buttons kb-buttons-4cc3c27c\">\n<div class=\"kb-icon-button-wrapper kb-icon-button-wrapper-3f2c235c\"><a class=\"wp-block-kenta-blocks-icon-button kb-icon-button kb-icon-button-3f2c235c\" href=\"http:\/\/www.instagram.com\/cafetzalli\/\" target=\"_blank\"><i class=\"fab fa-square-instagram\"><\/i><\/a><\/div>\n<\/div>\n<\/div><\/div>\n<\/div><\/div><\/div>\n\n\n\n<div class=\"wp-block-kenta-blocks-column kb-column-wrapper kb-column-wrapper-ff80fb55 kenta-scroll-reveal\"><div class=\"kb-column kb-column-ff80fb55\"><div class=\"kb-column-content\">\n<div class=\"wp-block-kenta-blocks-row kb-row-8e0a6f4d kb-row\"><div class=\"kb-row-inner-container\">\n<figure class=\"wp-block-image aligncenter size-full is-resized\"><img data-recalc-dims=\"1\" loading=\"lazy\" decoding=\"async\" width=\"500\" height=\"500\" src=\"https:\/\/i0.wp.com\/montanasdelss.com\/wp-content\/uploads\/2025\/04\/Logo-frappu.png?resize=500%2C500&#038;ssl=1\" alt=\"\" class=\"wp-image-342\" style=\"width:200px\" srcset=\"https:\/\/i0.wp.com\/montanasdelss.com\/wp-content\/uploads\/2025\/04\/Logo-frappu.png?w=500&amp;ssl=1 500w, https:\/\/i0.wp.com\/montanasdelss.com\/wp-content\/uploads\/2025\/04\/Logo-frappu.png?resize=300%2C300&amp;ssl=1 300w, https:\/\/i0.wp.com\/montanasdelss.com\/wp-content\/uploads\/2025\/04\/Logo-frappu.png?resize=150%2C150&amp;ssl=1 150w\" sizes=\"auto, (max-width: 500px) 100vw, 500px\" \/><\/figure>\n<\/div><\/div>\n\n\n\n<div class=\"wp-block-kenta-blocks-group kb-group-35001915 kb-group\"><div class=\"kb-group-inner-container\">\n<div class=\"wp-block-kenta-blocks-paragraph kb-paragraph kb-paragraph-b443fa09\"><p class=\"\"><strong><strong><strong>L\u00ednea de Frappes<\/strong><\/strong><\/strong><\/p><\/div>\n\n\n\n<div class=\"wp-block-kenta-blocks-paragraph kb-paragraph kb-paragraph-b23b0181\"><p class=\"\">Barras y bebidas frappe con ingredientes naturales.<\/p><\/div>\n\n\n\n<div class=\"wp-block-kenta-blocks-buttons kb-buttons kb-buttons-0abb1ed7\">\n<div class=\"kb-icon-button-wrapper kb-icon-button-wrapper-3205cf57\"><a class=\"wp-block-kenta-blocks-icon-button kb-icon-button kb-icon-button-3205cf57\" href=\"http:\/\/www.instagram.com\/frappuchiapas\/\" target=\"_blank\"><i class=\"fab fa-square-instagram\"><\/i><\/a><\/div>\n<\/div>\n<\/div><\/div>\n<\/div><\/div><\/div>\n\n\n\n<div class=\"wp-block-kenta-blocks-column kb-column-wrapper kb-column-wrapper-93c722c5 kenta-scroll-reveal\"><div class=\"kb-column kb-column-93c722c5\"><div class=\"kb-column-content\">\n<div class=\"wp-block-kenta-blocks-row kb-row-c8435496 kb-row\"><div class=\"kb-row-inner-container\">\n<figure class=\"wp-block-image size-full is-resized\"><img data-recalc-dims=\"1\" loading=\"lazy\" decoding=\"async\" width=\"500\" height=\"500\" src=\"https:\/\/i0.wp.com\/montanasdelss.com\/wp-content\/uploads\/2025\/04\/Logo_HUITLACOCHE_transparente.png?resize=500%2C500&#038;ssl=1\" alt=\"\" class=\"wp-image-340\" style=\"width:200px\" srcset=\"https:\/\/i0.wp.com\/montanasdelss.com\/wp-content\/uploads\/2025\/04\/Logo_HUITLACOCHE_transparente.png?w=500&amp;ssl=1 500w, https:\/\/i0.wp.com\/montanasdelss.com\/wp-content\/uploads\/2025\/04\/Logo_HUITLACOCHE_transparente.png?resize=300%2C300&amp;ssl=1 300w, https:\/\/i0.wp.com\/montanasdelss.com\/wp-content\/uploads\/2025\/04\/Logo_HUITLACOCHE_transparente.png?resize=150%2C150&amp;ssl=1 150w\" sizes=\"auto, (max-width: 500px) 100vw, 500px\" \/><\/figure>\n<\/div><\/div>\n\n\n\n<div class=\"wp-block-kenta-blocks-group kb-group-fc928a5b kb-group\"><div class=\"kb-group-inner-container\">\n<div class=\"wp-block-kenta-blocks-paragraph kb-paragraph kb-paragraph-850be78e\"><p class=\"\"><strong><strong><strong><strong>Productos gourmet<\/strong><\/strong><\/strong><\/strong><\/p><\/div>\n\n\n\n<div class=\"wp-block-kenta-blocks-paragraph kb-paragraph kb-paragraph-f2fa0bc4\"><p class=\"\">Pr\u00f3ximamente<br><br><\/p><\/div>\n\n\n\n<div class=\"wp-block-kenta-blocks-buttons kb-buttons kb-buttons-e8e05f59\">\n<div class=\"kb-icon-button-wrapper kb-icon-button-wrapper-522a9203\"><a class=\"wp-block-kenta-blocks-icon-button kb-icon-button kb-icon-button-522a9203\" href=\"#\"><i class=\"fab fa-square-instagram\"><\/i><\/a><\/div>\n<\/div>\n<\/div><\/div>\n<\/div><\/div><\/div>\n<\/div>\n\n\n\n<div class=\"wp-block-kenta-blocks-spacer kb-spacer-68371199 kb-spacer\" aria-hidden=\"true\"><\/div>\n\n\n\n<div class=\"wp-block-kenta-blocks-cover alignfull kb-cover-62314527 kb-cover\"><div class=\"kb-cover-inner-container\">\n<div class=\"wp-block-kenta-blocks-heading kb-heading kb-heading-h2 kb-heading-57cd9a13 kenta-scroll-reveal\"><h2 class=\"\">\u00bfBuscas algo en especial?<\/h2><\/div>\n\n\n\n<div class=\"wp-block-kenta-blocks-paragraph kb-paragraph kb-paragraph-2546cff2 kenta-scroll-reveal\"><p class=\"\">Si buscas alg\u00fan producto en especial para tu empresa o negocio, ponte en contacto con nosotros, ser\u00e1 un placer atenderte.<\/p><\/div>\n\n\n\n<div class=\"wp-block-kenta-blocks-buttons kb-buttons kb-buttons-a0f058a7\">\n<div class=\"kb-button-wrapper kb-button-wrapper-27d79e53\"><a class=\"wp-block-kenta-blocks-button kb-button kb-button-27d79e53 kb-button-right kenta-scroll-reveal\" href=\"https:\/\/montanasdelss.com\/index.php\/contact\/\"><i class=\"fas fa-arrow-right-long\"><\/i><span>Cont\u00e1ctenos<\/span><\/a><\/div>\n<\/div>\n<\/div><\/div>\n","protected":false},"excerpt":{"rendered":"","protected":false},"author":1,"featured_media":0,"parent":0,"menu_order":0,"comment_status":"closed","ping_status":"closed","template":"","meta":{"site-container-style":"default","site-container-layout":"default","site-sidebar-layout":"default","site-transparent-header":"enable","disable-article-header":"yes","disable-site-header":"default","disable-site-footer":"default","disable-content-area-spacing":"yes","footnotes":""},"class_list":["post-23","page","type-page","status-publish","hentry"],"yoast_head":"<!-- This site is optimized with the Yoast SEO plugin v27.1.1 - https:\/\/yoast.com\/product\/yoast-seo-wordpress\/ -->\n<title>Acerca de - Caf\u00e9 Org\u00e1nico en Puebla | Distribuidor de Caf\u00e9 de Especialida<\/title>\n<meta name=\"robots\" content=\"index, follow, max-snippet:-1, max-image-preview:large, max-video-preview:-1\" \/>\n<link rel=\"canonical\" href=\"https:\/\/montanasdelss.com\/index.php\/about\/\" \/>\n<meta property=\"og:locale\" content=\"es_ES\" \/>\n<meta property=\"og:type\" content=\"article\" \/>\n<meta property=\"og:title\" content=\"Acerca de - Caf\u00e9 Org\u00e1nico en Puebla | Distribuidor de Caf\u00e9 de Especialida\" \/>\n<meta property=\"og:url\" content=\"https:\/\/montanasdelss.com\/index.php\/about\/\" \/>\n<meta property=\"og:site_name\" content=\"Caf\u00e9 Org\u00e1nico en Puebla | Distribuidor de Caf\u00e9 de Especialida\" \/>\n<meta property=\"article:publisher\" content=\"https:\/\/www.facebook.com\/montanasdelss\/\" \/>\n<meta property=\"article:modified_time\" content=\"2025-04-29T21:57:14+00:00\" \/>\n<meta property=\"og:image\" content=\"https:\/\/montanasdelss.com\/wp-content\/uploads\/2025\/04\/Logo-cafetzalli.png\" \/>\n<meta name=\"twitter:card\" content=\"summary_large_image\" \/>\n<meta name=\"twitter:label1\" content=\"Tiempo de lectura\" \/>\n\t<meta name=\"twitter:data1\" content=\"2 minutos\" \/>\n<script type=\"application\/ld+json\" class=\"yoast-schema-graph\">{\"@context\":\"https:\/\/schema.org\",\"@graph\":[{\"@type\":\"WebPage\",\"@id\":\"https:\/\/montanasdelss.com\/index.php\/about\/\",\"url\":\"https:\/\/montanasdelss.com\/index.php\/about\/\",\"name\":\"Acerca de - Caf\u00e9 Org\u00e1nico en Puebla | Distribuidor de Caf\u00e9 de Especialida\",\"isPartOf\":{\"@id\":\"https:\/\/montanasdelss.com\/#website\"},\"primaryImageOfPage\":{\"@id\":\"https:\/\/montanasdelss.com\/index.php\/about\/#primaryimage\"},\"image\":{\"@id\":\"https:\/\/montanasdelss.com\/index.php\/about\/#primaryimage\"},\"thumbnailUrl\":\"https:\/\/montanasdelss.com\/wp-content\/uploads\/2025\/04\/Logo-cafetzalli.png\",\"datePublished\":\"2023-01-20T04:07:02+00:00\",\"dateModified\":\"2025-04-29T21:57:14+00:00\",\"breadcrumb\":{\"@id\":\"https:\/\/montanasdelss.com\/index.php\/about\/#breadcrumb\"},\"inLanguage\":\"es\",\"potentialAction\":[{\"@type\":\"ReadAction\",\"target\":[\"https:\/\/montanasdelss.com\/index.php\/about\/\"]}]},{\"@type\":\"ImageObject\",\"inLanguage\":\"es\",\"@id\":\"https:\/\/montanasdelss.com\/index.php\/about\/#primaryimage\",\"url\":\"https:\/\/i0.wp.com\/montanasdelss.com\/wp-content\/uploads\/2025\/04\/Logo-cafetzalli.png?fit=500%2C500&ssl=1\",\"contentUrl\":\"https:\/\/i0.wp.com\/montanasdelss.com\/wp-content\/uploads\/2025\/04\/Logo-cafetzalli.png?fit=500%2C500&ssl=1\",\"width\":500,\"height\":500},{\"@type\":\"BreadcrumbList\",\"@id\":\"https:\/\/montanasdelss.com\/index.php\/about\/#breadcrumb\",\"itemListElement\":[{\"@type\":\"ListItem\",\"position\":1,\"name\":\"Portada\",\"item\":\"https:\/\/montanasdelss.com\/\"},{\"@type\":\"ListItem\",\"position\":2,\"name\":\"Acerca de\"}]},{\"@type\":\"WebSite\",\"@id\":\"https:\/\/montanasdelss.com\/#website\",\"url\":\"https:\/\/montanasdelss.com\/\",\"name\":\"Caf\u00e9 Org\u00e1nico en Puebla | Distribuidor de Caf\u00e9 de Especialida\",\"description\":\"Las Monta\u00f1as del Sur Sureste\",\"publisher\":{\"@id\":\"https:\/\/montanasdelss.com\/#organization\"},\"alternateName\":\"Las Monta\u00f1as del Sur Sureste\",\"potentialAction\":[{\"@type\":\"SearchAction\",\"target\":{\"@type\":\"EntryPoint\",\"urlTemplate\":\"https:\/\/montanasdelss.com\/?s={search_term_string}\"},\"query-input\":{\"@type\":\"PropertyValueSpecification\",\"valueRequired\":true,\"valueName\":\"search_term_string\"}}],\"inLanguage\":\"es\"},{\"@type\":\"Organization\",\"@id\":\"https:\/\/montanasdelss.com\/#organization\",\"name\":\"Las Monta\u00f1as del Sur Sureste\",\"url\":\"https:\/\/montanasdelss.com\/\",\"logo\":{\"@type\":\"ImageObject\",\"inLanguage\":\"es\",\"@id\":\"https:\/\/montanasdelss.com\/#\/schema\/logo\/image\/\",\"url\":\"https:\/\/i0.wp.com\/montanasdelss.com\/wp-content\/uploads\/2025\/04\/Logo-Montanas-letra-negra.png?fit=500%2C500&ssl=1\",\"contentUrl\":\"https:\/\/i0.wp.com\/montanasdelss.com\/wp-content\/uploads\/2025\/04\/Logo-Montanas-letra-negra.png?fit=500%2C500&ssl=1\",\"width\":500,\"height\":500,\"caption\":\"Las Monta\u00f1as del Sur Sureste\"},\"image\":{\"@id\":\"https:\/\/montanasdelss.com\/#\/schema\/logo\/image\/\"},\"sameAs\":[\"https:\/\/www.facebook.com\/montanasdelss\/\",\"https:\/\/www.linkedin.com\/company\/montanasdelss\/\",\"https:\/\/instagram.com\/montanasdelss\/\"]}]}<\/script>\n<!-- \/ Yoast SEO plugin. -->","yoast_head_json":{"title":"Acerca de - Caf\u00e9 Org\u00e1nico en Puebla | Distribuidor de Caf\u00e9 de Especialida","robots":{"index":"index","follow":"follow","max-snippet":"max-snippet:-1","max-image-preview":"max-image-preview:large","max-video-preview":"max-video-preview:-1"},"canonical":"https:\/\/montanasdelss.com\/index.php\/about\/","og_locale":"es_ES","og_type":"article","og_title":"Acerca de - Caf\u00e9 Org\u00e1nico en Puebla | Distribuidor de Caf\u00e9 de Especialida","og_url":"https:\/\/montanasdelss.com\/index.php\/about\/","og_site_name":"Caf\u00e9 Org\u00e1nico en Puebla | Distribuidor de Caf\u00e9 de Especialida","article_publisher":"https:\/\/www.facebook.com\/montanasdelss\/","article_modified_time":"2025-04-29T21:57:14+00:00","og_image":[{"url":"https:\/\/montanasdelss.com\/wp-content\/uploads\/2025\/04\/Logo-cafetzalli.png","type":"","width":"","height":""}],"twitter_card":"summary_large_image","twitter_misc":{"Tiempo de lectura":"2 minutos"},"schema":{"@context":"https:\/\/schema.org","@graph":[{"@type":"WebPage","@id":"https:\/\/montanasdelss.com\/index.php\/about\/","url":"https:\/\/montanasdelss.com\/index.php\/about\/","name":"Acerca de - Caf\u00e9 Org\u00e1nico en Puebla | Distribuidor de Caf\u00e9 de Especialida","isPartOf":{"@id":"https:\/\/montanasdelss.com\/#website"},"primaryImageOfPage":{"@id":"https:\/\/montanasdelss.com\/index.php\/about\/#primaryimage"},"image":{"@id":"https:\/\/montanasdelss.com\/index.php\/about\/#primaryimage"},"thumbnailUrl":"https:\/\/montanasdelss.com\/wp-content\/uploads\/2025\/04\/Logo-cafetzalli.png","datePublished":"2023-01-20T04:07:02+00:00","dateModified":"2025-04-29T21:57:14+00:00","breadcrumb":{"@id":"https:\/\/montanasdelss.com\/index.php\/about\/#breadcrumb"},"inLanguage":"es","potentialAction":[{"@type":"ReadAction","target":["https:\/\/montanasdelss.com\/index.php\/about\/"]}]},{"@type":"ImageObject","inLanguage":"es","@id":"https:\/\/montanasdelss.com\/index.php\/about\/#primaryimage","url":"https:\/\/i0.wp.com\/montanasdelss.com\/wp-content\/uploads\/2025\/04\/Logo-cafetzalli.png?fit=500%2C500&ssl=1","contentUrl":"https:\/\/i0.wp.com\/montanasdelss.com\/wp-content\/uploads\/2025\/04\/Logo-cafetzalli.png?fit=500%2C500&ssl=1","width":500,"height":500},{"@type":"BreadcrumbList","@id":"https:\/\/montanasdelss.com\/index.php\/about\/#breadcrumb","itemListElement":[{"@type":"ListItem","position":1,"name":"Portada","item":"https:\/\/montanasdelss.com\/"},{"@type":"ListItem","position":2,"name":"Acerca de"}]},{"@type":"WebSite","@id":"https:\/\/montanasdelss.com\/#website","url":"https:\/\/montanasdelss.com\/","name":"Caf\u00e9 Org\u00e1nico en Puebla | Distribuidor de Caf\u00e9 de Especialida","description":"Las Monta\u00f1as del Sur Sureste","publisher":{"@id":"https:\/\/montanasdelss.com\/#organization"},"alternateName":"Las Monta\u00f1as del Sur Sureste","potentialAction":[{"@type":"SearchAction","target":{"@type":"EntryPoint","urlTemplate":"https:\/\/montanasdelss.com\/?s={search_term_string}"},"query-input":{"@type":"PropertyValueSpecification","valueRequired":true,"valueName":"search_term_string"}}],"inLanguage":"es"},{"@type":"Organization","@id":"https:\/\/montanasdelss.com\/#organization","name":"Las Monta\u00f1as del Sur Sureste","url":"https:\/\/montanasdelss.com\/","logo":{"@type":"ImageObject","inLanguage":"es","@id":"https:\/\/montanasdelss.com\/#\/schema\/logo\/image\/","url":"https:\/\/i0.wp.com\/montanasdelss.com\/wp-content\/uploads\/2025\/04\/Logo-Montanas-letra-negra.png?fit=500%2C500&ssl=1","contentUrl":"https:\/\/i0.wp.com\/montanasdelss.com\/wp-content\/uploads\/2025\/04\/Logo-Montanas-letra-negra.png?fit=500%2C500&ssl=1","width":500,"height":500,"caption":"Las Monta\u00f1as del Sur Sureste"},"image":{"@id":"https:\/\/montanasdelss.com\/#\/schema\/logo\/image\/"},"sameAs":["https:\/\/www.facebook.com\/montanasdelss\/","https:\/\/www.linkedin.com\/company\/montanasdelss\/","https:\/\/instagram.com\/montanasdelss\/"]}]}},"jetpack-related-posts":[],"jetpack_likes_enabled":true,"jetpack_sharing_enabled":true,"_links":{"self":[{"href":"https:\/\/montanasdelss.com\/index.php\/wp-json\/wp\/v2\/pages\/23","targetHints":{"allow":["GET"]}}],"collection":[{"href":"https:\/\/montanasdelss.com\/index.php\/wp-json\/wp\/v2\/pages"}],"about":[{"href":"https:\/\/montanasdelss.com\/index.php\/wp-json\/wp\/v2\/types\/page"}],"author":[{"embeddable":true,"href":"https:\/\/montanasdelss.com\/index.php\/wp-json\/wp\/v2\/users\/1"}],"replies":[{"embeddable":true,"href":"https:\/\/montanasdelss.com\/index.php\/wp-json\/wp\/v2\/comments?post=23"}],"version-history":[{"count":17,"href":"https:\/\/montanasdelss.com\/index.php\/wp-json\/wp\/v2\/pages\/23\/revisions"}],"predecessor-version":[{"id":352,"href":"https:\/\/montanasdelss.com\/index.php\/wp-json\/wp\/v2\/pages\/23\/revisions\/352"}],"wp:attachment":[{"href":"https:\/\/montanasdelss.com\/index.php\/wp-json\/wp\/v2\/media?parent=23"}],"curies":[{"name":"wp","href":"https:\/\/api.w.org\/{rel}","templated":true}]}}